{"id":22,"date":"2009-12-16T02:14:25","date_gmt":"2009-12-16T01:14:25","guid":{"rendered":"http:\/\/www.buecherbaum.eu\/?page_id=22"},"modified":"2015-09-02T21:51:28","modified_gmt":"2015-09-02T20:51:28","slug":"links","status":"publish","type":"page","link":"https:\/\/www.buecherbaum.eu\/?page_id=22","title":{"rendered":"Links \/ links"},"content":{"rendered":"<div class=\"fcbkbttn_buttons_block\" id=\"fcbkbttn_left\"><div class=\"fcbkbttn_button\">\n                            <a href=\"https:\/\/www.facebook.com\/\" target=\"_blank\">\n                                <img src=\"https:\/\/www.buecherbaum.eu\/wp-content\/plugins\/facebook-button-plugin\/images\/standard-facebook-ico.png\" alt=\"Fb-Button\" \/>\n                            <\/a>\n                        <\/div><div class=\"fcbkbttn_like \"><fb:like href=\"https:\/\/www.buecherbaum.eu\/?page_id=22\" action=\"like\" colorscheme=\"light\" layout=\"standard\" show-faces='false' width=\"225px\" size=\"small\"><\/fb:like><\/div><\/div><ul>\n<li><a title=\"F\u00f6rderverein Gefangenenb\u00fcchereien e.V.\" href=\"http:\/\/www.fvgb.de\">F\u00f6rderverein Gefangenenb\u00fcchereien e.V.<\/a><\/li>\n<li><a href=\"http:\/\/www.gefangenenbuechereien.de\">Arbeitsgemeinschaft Gefangenenb\u00fcchereien<\/a><\/li>\n<\/ul>\n","protected":false},"excerpt":{"rendered":"<p>F\u00f6rderverein Gefangenenb\u00fcchereien e.V. Arbeitsgemeinschaft Gefangenenb\u00fcchereien<\/p>\n","protected":false},"author":5,"featured_media":0,"parent":0,"menu_order":7,"comment_status":"closed","ping_status":"closed","template":"","meta":{"ngg_post_thumbnail":0},"_links":{"self":[{"href":"https:\/\/www.buecherbaum.eu\/index.php?rest_route=\/wp\/v2\/pages\/22"}],"collection":[{"href":"https:\/\/www.buecherbaum.eu\/index.php?rest_route=\/wp\/v2\/pages"}],"about":[{"href":"https:\/\/www.buecherbaum.eu\/index.php?rest_route=\/wp\/v2\/types\/page"}],"author":[{"embeddable":true,"href":"https:\/\/www.buecherbaum.eu\/index.php?rest_route=\/wp\/v2\/users\/5"}],"replies":[{"embeddable":true,"href":"https:\/\/www.buecherbaum.eu\/index.php?rest_route=%2Fwp%2Fv2%2Fcomments&post=22"}],"version-history":[{"count":14,"href":"https:\/\/www.buecherbaum.eu\/index.php?rest_route=\/wp\/v2\/pages\/22\/revisions"}],"predecessor-version":[{"id":45,"href":"https:\/\/www.buecherbaum.eu\/index.php?rest_route=\/wp\/v2\/pages\/22\/revisions\/45"}],"wp:attachment":[{"href":"https:\/\/www.buecherbaum.eu\/index.php?rest_route=%2Fwp%2Fv2%2Fmedia&parent=22"}],"curies":[{"name":"wp","href":"https:\/\/api.w.org\/{rel}","templated":true}]}}